{"id":2,"date":"2022-11-20T21:10:15","date_gmt":"2022-11-21T00:10:15","guid":{"rendered":"http:\/\/belmore.com.br\/?page_id=2"},"modified":"2022-11-26T19:18:11","modified_gmt":"2022-11-26T22:18:11","slug":"produtos","status":"publish","type":"page","link":"https:\/\/belmore.com.br\/index.php\/produtos\/","title":{"rendered":"Aqui est\u00e3o as melhores ofertas"},"content":{"rendered":"\n<p>Veja os produtos e ofertas selecionados especialmente para voc\u00ea<\/p>\n\n\n        <div class=\"shop-page-wp-grid\">\n\t\t\t            <a target=\"_blank\" href=\"https:\/\/shope.ee\/6pR0UAceXq\" class=\"shop-page-wp-item spwp-has-link spwp-one-fourth\" rel=\"nofollow\">\n            <div class=\"shop-page-wp-image\">\n                <img decoding=\"async\" src=\"https:\/\/belmore.com.br\/wp-content\/uploads\/2022\/11\/4405c2a434f73a666fc4f433519c50a5-300x300.jpg\" alt=\"\"\/>\n            <\/div>\n            <div class=\"shop-page-wp-title\">\n                <h3>Umidificador lumin\u00e1ria lua cheia 3D Touch 880ml Abajur<\/h3>\n            <\/div>\n\t\t\t\t\t\t                <div class=\"shop-page-wp-description\">\n\t\t\t\t\t\t\t\tOBJETO de decora\u00e7\u00e3o, aroma terapia, ilumina\u00e7\u00e3o e umidificador de ar.\r\nCARACTER\u00cdSTICAS:\r\n* Lua em 3D com lumin\u00e1ria e com tecnologia difusor\r\n*Controles da ilumina\u00e7\u00e3o e umidifica\u00e7\u00e3o por pinos met\u00e1licos dispostos na tampa\r\n* Suporte de madeira\r\n* Fio USB para corrente de energia\r\n* Filtro dentro do aparelho\r\n* Manual de Instru\u00e7\u00f5es\r\n\r\nInforma\u00e7\u00f5es do produto:\r\n&#8211; Capacidade do tanque: 880ML\r\n&#8211; Especifica\u00e7\u00f5es El\u00e9tricas: 110-240V (Bivolt) &#8211; ENTRADA USB\r\n&#8211; Tens\u00e3o de entrada: DC5V\r\n&#8211; M\u00e9todo de umidifica\u00e7\u00e3o: Descarga de N\u00e9voa\r\n&#8211; Desligamento autom\u00e1tico por falta de \u00e1gua: Sim\r\n&#8211; Sa\u00edda de n\u00e9voa: cerca de 30ML\/H\r\n&#8211; Tipo: umidifica\u00e7\u00e3o ultrass\u00f4nico\r\n&#8211; Aplica\u00e7\u00e3o: 21-30m \u00b2\r\n&#8211; Fun\u00e7\u00e3o: Aromaterapia\/Umidificador\r\n&#8211; Dimens\u00f5es: 14x14x15 \/ Di\u00e2metro: 13cm\r\n&#8211; Material: polipropileno (imita\u00e7\u00e3o de madeira)\r\n&#8211; Tecnologia anti-ru\u00eddo: &lt;36db(A)\r\n&#8211; Cores luzes de LED: Branco, branco mais suave e amarelo.\r\n&#8211; Material: PVC + componentes eletr\u00f4nicos.\r\n&#8211; Dura\u00e7\u00e3o da \u00e1gua: Aprox. 8 horas                <\/div>\n\t\t\t\t\t\t\t\t\t\t\t\t               <div class=\"shop-page-wp-link\">\n                <span class=\"buy-link\">Compre agora!<\/span>               <\/div>\n\t\t\t\t\t\t            <\/a>\t\t\t            <a target=\"_blank\" href=\"https:\/\/shope.ee\/6f7aEbgAfm\" class=\"shop-page-wp-item spwp-has-link spwp-one-fourth\" rel=\"nofollow\">\n            <div class=\"shop-page-wp-image\">\n                <img decoding=\"async\" src=\"https:\/\/belmore.com.br\/wp-content\/uploads\/2022\/11\/42e5c3580b0c6dcf10e45bea5642e94d-300x300.jpg\" alt=\"\"\/>\n            <\/div>\n            <div class=\"shop-page-wp-title\">\n                <h3>Rel\u00f3gio masculino multifuncional \u00e0 prova d&#8217;\u00e1gua rel\u00f3gio eletr\u00f4nico luminoso com despertador<\/h3>\n            <\/div>\n\t\t\t\t\t\t                <div class=\"shop-page-wp-description\">\n\t\t\t\t\t\t\t\tINTERFACE: Digital\r\nESTILO: Esportivo\r\nORIGEM: China\r\nFUN\u00c7\u00d5ES Especiais: luminoso, alarme, cron\u00f3grafo, calend\u00e1rio, ilumina\u00e7\u00e3o, hora mundial, indica\u00e7\u00e3o de 24 horas, exibi\u00e7\u00e3o de semana, exibi\u00e7\u00e3o de m\u00eas\r\nPROVA D&#8217;\u00c1GUA: Sim\r\nMOVIMENTO: eletr\u00f4nico\r\nDI\u00c2METRO MOSTRADOR: 49mm\r\nESPESSURA: 17mm\r\nMATERIAL DO ESPELHO: plexiglass\r\nFECHO: fivela pino\r\nMATERIAL FIVELA: a\u00e7o inoxid\u00e1vel\r\nMATERIAL PULSEIRA: PU\r\nMATERIAL DA CAIXA: resina                <\/div>\n\t\t\t\t\t\t\t\t\t\t\t\t               <div class=\"shop-page-wp-link\">\n                <span class=\"buy-link\">Compre agora!<\/span>               <\/div>\n\t\t\t\t\t\t            <\/a>\t\t\t            <a target=\"_blank\" href=\"https:\/\/shope.ee\/4AQFFBEgHQ\" class=\"shop-page-wp-item spwp-has-link spwp-one-fourth\" rel=\"nofollow\">\n            <div class=\"shop-page-wp-image\">\n                <img decoding=\"async\" src=\"https:\/\/belmore.com.br\/wp-content\/uploads\/2022\/11\/c53b924a29cf447f9999fab379467234-300x300.jpg\" alt=\"\"\/>\n            <\/div>\n            <div class=\"shop-page-wp-title\">\n                <h3>Relo\u0301gio masculino luxo de a\u00e7o inoxid\u00e1vel de quartzo com mostrador calend\u00e1rio relogio esportivo<\/h3>\n            <\/div>\n\t\t\t\t\t\t                <div class=\"shop-page-wp-description\">\n\t\t\t\t\t\t\t\tINTERFACE: Anal\u00f3gico-Digital\r\nORIGEM: China\r\nProdutos 100% novos, com muito boa qualidade e o melhor pre\u00e7o.\r\nLINK para loja administrada diretamente pela f\u00e1brica. Somos a marca e fabricante de rel\u00f3gios. Todos os produtos da loja s\u00e3o originais e aut\u00eanticos, todos em estoque.\r\nCARACTER\u00cdSTICAS: Luminous pointer\r\nMATERIAL: Caixa de liga de alta qualidade e tampa traseira de a\u00e7o inoxid\u00e1vel, material de vidro antidesgaste de alta altura transparente e veda\u00e7\u00e3o de m\u00e1quina de alta frequ\u00eancia.\r\nNOTA: O subdial e cron\u00f3grafo n\u00e3o funcionam, s\u00e3o apenas para decora\u00e7\u00e3o\r\nDESCRI\u00c7\u00c3O: Modelo:1531\r\nMOVIMENTO: Quartzo\r\nDISPLAY: Simula\u00e7\u00e3o\r\nMATERIAL DA JANELA DO MOSTRADOR: Hardlex\r\nPULSEIRA: a\u00e7o inoxid\u00e1vel\r\nPROVA D&#8217;\u00c1GUA: N\u00e3o\r\nESTILO: esporte, lazer, neg\u00f3cios, moda\r\n\r\nTAMANHO mostrador: 42 mm\r\nESPESSURA: 10mm\r\nCOMPRIM. PULSEIRA: 23cm\r\nLARGURA PULSEIRA: 20mm\r\n#relo\u0301gio #relo\u0301gio masculino #relo\u0301gio masculino luxo #relogio esportivo                <\/div>\n\t\t\t\t\t\t\t\t\t\t\t\t               <div class=\"shop-page-wp-link\">\n                <span class=\"buy-link\">Compre agora!<\/span>               <\/div>\n\t\t\t\t\t\t            <\/a>\t\t\t            <a target=\"_blank\" href=\"https:\/\/shope.ee\/9K8LNyYqwK\" class=\"shop-page-wp-item spwp-has-link spwp-one-fourth\" rel=\"nofollow\">\n            <div class=\"shop-page-wp-image\">\n                <img decoding=\"async\" src=\"https:\/\/belmore.com.br\/wp-content\/uploads\/2022\/11\/AntenaTVDigital.jpg\" alt=\"\"\/>\n            <\/div>\n            <div class=\"shop-page-wp-title\">\n                <h3>Antena De Tv Digital \/ Chave De Tv Transparente Para Hdtv \/ Tv \/ Digital \/ Ambiente Externo<\/h3>\n            <\/div>\n\t\t\t\t\t\t                <div class=\"shop-page-wp-description\">\n\t\t\t\t\t\t\t\tChave de TV transparente HDTV Antena Interna Digital \r\n1. Conecta-se em Qualquer TV.\r\n2. R\u00e1pido e f\u00e1cil configura\u00e7\u00e3o &#8211; Basta conect\u00e1-lo!\r\n3. Sem Contratos, Taxas Mensais ou Camadas de Pre\u00e7o!\r\n4. Imagem clara e cristalina.\r\nDESCRI\u00c7\u00c3O\r\nMATERIAL: Feito de material de alta qualidade para maior vida \u00fatil.\r\nCOR: Preto\r\nTAMANHO: 300*32*10mm\r\nFAIXA de frequ\u00eancia: 146-176MHz\r\nDesign elegante e fino, pode ser escondido atr\u00e1s de qualquer TV\r\nMelhore o sinal da TV e receba TV por sat\u00e9lite\r\nOpera\u00e7\u00e3o simples\r\nDesfrute de assistir milhares de canais com sua fam\u00edlia em vivid HD e Sinais digitais\r\nPACOTE: 1x Antena Interna                <\/div>\n\t\t\t\t\t\t\t\t\t\t\t\t               <div class=\"shop-page-wp-link\">\n                <span class=\"buy-link\">Compre agora!<\/span>               <\/div>\n\t\t\t\t\t\t            <\/a>\t\t\t            <a target=\"_blank\" href=\"https:\/\/shope.ee\/8zVUyxkQWO\" class=\"shop-page-wp-item spwp-has-link spwp-one-fourth\" rel=\"nofollow\">\n            <div class=\"shop-page-wp-image\">\n                <img decoding=\"async\" src=\"https:\/\/belmore.com.br\/wp-content\/uploads\/2022\/11\/b2d00e8ab0520a749d69b9f2ac36a43c-300x300.jpg\" alt=\"\"\/>\n            <\/div>\n            <div class=\"shop-page-wp-title\">\n                <h3>Novo Ssd Kingston A400 480gb 240gb 120gb 60gb<\/h3>\n            <\/div>\n\t\t\t\t\t\t                <div class=\"shop-page-wp-description\">\n\t\t\t\t\t\t\t\tCaracter\u00edsticas:\r\n1.R\u00e1pido inicial, carregamento e transfer\u00eancia de arquivo. Velocidade de leitura at\u00e9 500MB\/seg!\r\n2.Confi\u00e1vel, dur\u00e1vel, tranquilo e ecologicamente correto. Por n\u00e3o existem pe\u00e7as moveis, o risco de fracasso \u00e9 muito reduzido. Gera baixo calor, funciona tranquilamente, e possui resist\u00eancia de choque e vibra\u00e7\u00e3o\r\n3.Indicado para computadores desktop e notebook,\r\n\r\nESPECIFICA\u00c7\u00d5ES:\r\nSERIE: S\u00e9rie A400\r\nESCRITA SEQUENCIAL: 350MB\/S\r\nLEITURA: 500MB\/S\r\nDIMENS\u00d5ES: 100mm x69,9mm x7mm\r\nTEMPERATURA TRABALHO: 0~70\u00b0C\r\nTBW: 80TB\r\nTEMP. ARMAZENAMENTO: -40~85\u00b0C\r\nCOR: preto\r\nMEM\u00d3RIA: 128\/256\/512GB (opcional)\r\nPACOTE: SSDx 1                <\/div>\n\t\t\t\t\t\t\t\t\t\t\t\t               <div class=\"shop-page-wp-link\">\n                <span class=\"buy-link\">Compre agora!<\/span>               <\/div>\n\t\t\t\t\t\t            <\/a>\t\t\t            <a target=\"_blank\" href=\"https:\/\/shope.ee\/2AfApqkZrk\" class=\"shop-page-wp-item spwp-has-link spwp-one-fourth\" rel=\"nofollow\">\n            <div class=\"shop-page-wp-image\">\n                <img decoding=\"async\" src=\"https:\/\/belmore.com.br\/wp-content\/uploads\/2022\/11\/Fone-de-ouvido-TWS.jpg\" alt=\"\"\/>\n            <\/div>\n            <div class=\"shop-page-wp-title\">\n                <h3>Fone De Ouvido Stereo Sem Fio TWS 5.0 Com Cancelamento De Ru\u00eddo<\/h3>\n            <\/div>\n\t\t\t\t\t\t                <div class=\"shop-page-wp-description\">\n\t\t\t\t\t\t\t\tCONEX\u00c3O: Sem fio\r\nTIPO: Fone de Ouvido, Headphone e Headset Intra Auricular\r\nGAMER: N\u00e3o\r\nCOMPATIBILIDADE: Celular, Computador e Notebook\r\nORIGEM: China\r\n\r\n\r\n1-Um controle de bot\u00e3o facilmente para ligar\/desligar, jogar\/pausa\/interruptor de m\u00fasica\r\n2-M\u00e3os livres chamadas para dirigir, trabalhar, reuni\u00e3o, correr.\r\n3-Pode ser conectado a DOIS CELULARES ao mesmo tempo.\r\n4-Compatibilidade inteligente: suporte para todos os celulares bluetooth, tablet, notebook, m\u00fasica qq, filmes, etc., telefone m\u00f3vel universal.\r\n\r\nESPECIFICA\u00c7\u00d5ES:\r\n1. vers\u00e3o bluetooth: v5.02.\r\n2. dist\u00e2ncia bluetooth: 10m3.\r\n4. tempo de espera: cerca de 80 horas\r\n5. tempo de m\u00fasica: cerca de 3 horas\r\n6. tempo de conversa\u00e7\u00e3o: cerca de 4 horas\r\n7. bateria do fone de ouvido: bateria de l\u00edtio de pol\u00edmero de 45 mah\r\n8. bateria da caixa da bateria: bateria de l\u00edtio de pol\u00edmero de 280 mah\r\n9. formato de transmiss\u00e3o de \u00e1udio: hfp \/ a2dp \/ hsp \/ avrcp\r\nPACOTE inclui:\r\n1 x fones de ouvido bluetooth tws (esquerda e direita)\r\n1x280mah caixa de carregamento\r\n1x Cabo de carregamento USB\r\n1 x Manual do Usu\u00e1rio                <\/div>\n\t\t\t\t\t\t\t\t\t\t\t\t               <div class=\"shop-page-wp-link\">\n                <span class=\"buy-link\">Compre agora!<\/span>               <\/div>\n\t\t\t\t\t\t            <\/a>\t\t\t            <a target=\"_blank\" href=\"https:\/\/shope.ee\/LDWdzdHEW\" class=\"shop-page-wp-item spwp-has-link spwp-one-fourth\" rel=\"nofollow\">\n            <div class=\"shop-page-wp-image\">\n                <img decoding=\"async\" src=\"https:\/\/belmore.com.br\/wp-content\/uploads\/2022\/11\/b258691664c9fa5256257ec048574a85-300x300.jpg\" alt=\"\"\/>\n            <\/div>\n            <div class=\"shop-page-wp-title\">\n                <h3>Pochete Transversal Masculina \u00c0 Prova D&#8217;\u00e1gua Oxford Com Al\u00e7a<\/h3>\n            <\/div>\n\t\t\t\t\t\t                <div class=\"shop-page-wp-description\">\n\t\t\t\t\t\t\t\tORIGEM: China\r\nPRODUTO: Bolsa Motocicleta Novo Bag Masculina Antifurto Crossbody Imperme\u00e1vel Pano de Oxford Sports Bag Masculina Bolsa USB\r\n\r\nCaracter\u00edsticas:\r\n1: Tecido imperme\u00e1vel de alta densidade, confort\u00e1vel, protege seus pertences a qualquer momento. Design ergon\u00f4mico &#8211; arco gracioso e conciso mais confort\u00e1vel para segurar.\r\n2: 95% da \u00e1rea de superf\u00edcie com tecido resistente a riscos e resistente ao desgaste \r\n3: A textura linda e suave das linhas de bolsa digital da moda peitoral                <\/div>\n\t\t\t\t\t\t\t\t\t\t\t\t               <div class=\"shop-page-wp-link\">\n                <span class=\"buy-link\">Compre agora!<\/span>               <\/div>\n\t\t\t\t\t\t            <\/a>\t\t\t            <a target=\"_blank\" href=\"https:\/\/shope.ee\/2fbRPvZ1E0\" class=\"shop-page-wp-item spwp-has-link spwp-one-fourth\" rel=\"nofollow\">\n            <div class=\"shop-page-wp-image\">\n                <img decoding=\"async\" src=\"https:\/\/belmore.com.br\/wp-content\/uploads\/2022\/11\/1691505da2ee4d688986129cfcceda84-300x300.jpg\" alt=\"\"\/>\n            <\/div>\n            <div class=\"shop-page-wp-title\">\n                <h3>Aparador De Cabelo Sem Fio T9 M\u00e1quina De Barba Para Homens Barbeador El\u00e9trico USB<\/h3>\n            <\/div>\n\t\t\t\t\t\t                <div class=\"shop-page-wp-description\">\n\t\t\t\t\t\t\t\tAPARADOR de Cabelo Masculino Profissional Cortador de Cabelo 0mm CORTADOR Cabelo Barba Precis\u00e3o Acabamento M\u00c1QUINA de Cortar TIPO Adulto Crian\u00e7a\r\n\r\nMATERIAL: tit\u00e2nio + a\u00e7o inoxid\u00e1vel\r\nALIMENTA\u00c7\u00c3O: Recarreg\u00e1vel, com cabo USB\r\nVOLTAGEM: 110-240V\r\nTAMANHO: 14,20*4,0*2,3cm\r\nLIMPEZA: Escova de limpeza limpa\r\nCARACTERISTICAS: longa vida \u00fatil, carregamento de alta velocidade, descarga est\u00e1vel, econ\u00f4mica e ecol\u00f3gica\r\n\r\nCONTE\u00daDO:\r\n1 pe\u00e7a * aparador de cabelo, 1 pe\u00e7a * escova, 4 pe\u00e7as * pente de limite (1,5 mm 2 MM 3 MM 4 MM), 1 pe\u00e7a * cabo USB e 1 pe\u00e7a * bolsa                 <\/div>\n\t\t\t\t\t\t\t\t\t\t\t\t               <div class=\"shop-page-wp-link\">\n                <span class=\"buy-link\">Compre agora!<\/span>               <\/div>\n\t\t\t\t\t\t            <\/a>\t\t\t            <a target=\"_blank\" href=\"https:\/\/shope.ee\/6pR0N8hK3k\" class=\"shop-page-wp-item spwp-has-link spwp-one-fourth\" rel=\"nofollow\">\n            <div class=\"shop-page-wp-image\">\n                <img decoding=\"async\" src=\"https:\/\/belmore.com.br\/wp-content\/uploads\/2022\/11\/8c2c3785977595847436b8bd61583a6d-300x300.jpg\" alt=\"\"\/>\n            <\/div>\n            <div class=\"shop-page-wp-title\">\n                <h3>Rel\u00f3gio De Pulso Masculino De Quartzo Com Pulseira De silicone<\/h3>\n            <\/div>\n\t\t\t\t\t\t                <div class=\"shop-page-wp-description\">\n\t\t\t\t\t\t\t\tCATEGORIA: Rel\u00f3gios Masculinos\r\nTIPO: Anal\u00f3gico\r\nMOVIMENTO: Quartzo\r\nESTILO: Fashion\r\nORIGEM: China\r\n\r\nFECHO: fivela pino\r\nCAIXA: redonda\r\nPULSEIRA: silicone\r\nDI\u00c2METRO CAIXA: 42mm\r\nESPESSURA CAIXA: 10mm\r\nCOMPR. PULSEIRA: 245mm\r\nLARG. PULSEIRA: 20mm\r\n\r\nPacote:\r\n-1 X rel\u00f3gio                <\/div>\n\t\t\t\t\t\t\t\t\t\t\t\t               <div class=\"shop-page-wp-link\">\n                <span class=\"buy-link\">Compre agora!<\/span>               <\/div>\n\t\t\t\t\t\t            <\/a>\t\t\t            <a target=\"_blank\" href=\"https:\/\/shope.ee\/8pC4k611tI\" class=\"shop-page-wp-item spwp-has-link spwp-one-fourth\" rel=\"nofollow\">\n            <div class=\"shop-page-wp-image\">\n                <img decoding=\"async\" src=\"https:\/\/belmore.com.br\/wp-content\/uploads\/2022\/11\/Fone-Ouvido-Bluetooth5.jpg\" alt=\"\"\/>\n            <\/div>\n            <div class=\"shop-page-wp-title\">\n                <h3>Y50 TWS Fone De Ouvido bluetooth 5.0 Sem Fio ipx7 \u00c0 Prova D&#8217;\u00e1gua Com Graves Profundos<\/h3>\n            <\/div>\n\t\t\t\t\t\t                <div class=\"shop-page-wp-description\">\n\t\t\t\t\t\t\t\tCATEGORIA: Fones de Ouvido, Headphones e Headsets\r\nCONEX\u00c3O: Sem fio\r\nTIPO FONE: Headphone e Headset Intra Auricular\r\nESPECIAL PARA JOGOS: N\u00e3o\r\nCOMPATIBILIDADE: Celular\r\nORIGEM: China\r\n\r\n1. Est\u00e9reo Binaural sem fio, canais de ouvido esquerdo e direito separados, efeito de som HIFI\r\n2. Orelhas esquerda e direita podem ser usadas separadamente (mono) ou em pares (est\u00e9reo)\r\n3. \u00c9 ergon\u00f4mico, pequeno e f\u00e1cil de transportar. Pegue o emparelhamento autom\u00e1tico, coloque o compartimento da bateria para desligar e carregar automaticamente\r\n4. Dist\u00e2ncia Bluetooth: 10 metros de dist\u00e2ncia reta sem barreiras\r\nVers\u00e3o Bluetooth: 5.0\r\nProtocolo Bluetooth: APD, AVRCP, HSP, HFP\r\nMicrofone: Sim\r\nEmparelhamento: Obtenha correspond\u00eancia autom\u00e1tica\r\nTempo de uso do fone de ouvido: 3-4 horas (dependente do volume)\r\nBateria do fone de ouvido: 55 mAh\r\nCompartimento de carregamento: 450 mA\r\nPeso l\u00edquido: 40g\r\nSe apenas um lado do fone de ouvido funcionar, exclua o registro de conex\u00e3o Bluetooth do celular e reconecte.                <\/div>\n\t\t\t\t\t\t\t\t\t\t\t\t               <div class=\"shop-page-wp-link\">\n                <span class=\"buy-link\">Compre agora!<\/span>               <\/div>\n\t\t\t\t\t\t            <\/a>\t\t\t            <a target=\"_blank\" href=\"https:\/\/shope.ee\/5UvckdTAP8\" class=\"shop-page-wp-item spwp-has-link spwp-one-fourth\" rel=\"nofollow\">\n            <div class=\"shop-page-wp-image\">\n                <img decoding=\"async\" src=\"https:\/\/belmore.com.br\/wp-content\/uploads\/2022\/11\/Relogio.jpg\" alt=\"\"\/>\n            <\/div>\n            <div class=\"shop-page-wp-title\">\n                <h3>Relogio Masculino Prova Agua Quartzo Empresarial Casual Original 2PCS Rel\u00f3gios Masculinos e Pulseira Kit<\/h3>\n            <\/div>\n\t\t\t\t\t\t                <div class=\"shop-page-wp-description\">\n\t\t\t\t\t\t\t\tDetalhes do Rel\u00f3gio\r\nCATEGORIA: Rel\u00f3gios Masculinos\r\nTIPO: Anal\u00f3gico\r\nMOVIMENTO: Quartzo\r\nESTILO: Neg\u00f3cios, Fashion, Esportivo\r\nDI\u00c2METRO DA CAIXA: 40mm\r\nFORMATO DA CAIXA: Redonda\r\nMATERIAL DA CAIXA: A\u00e7o Inoxid\u00e1vel\r\nMODELO DO FECHO: Fivela\r\nCORREIA: A\u00e7o Inoxid\u00e1vel\r\nVIDRO: Vidro Hardlex\r\nESPESSURA DA CAIXA: 10 mm\r\nCOMPRIMENTO CORREIA: 245 \/ mm\r\nLARGURA CORREIA: 20 mm\r\nORIGEM: China\r\nPrometemos: 100% genu\u00edno! Qualidade! Entrega r\u00e1pida!\r\n\r\nProduto PULSEIRA do Kit prateada ou dourada\r\n\r\nInclu\u00eddo no Pacote:\r\n-1 x relogio\r\n-1 x pulseira\r\n( Nenhuma caixa inclu\u00edda )\r\n\r\n\ud83d\udce2Devido a diferentes configura\u00e7\u00f5es de ilumina\u00e7\u00e3o e exibi\u00e7\u00e3o, por favor consulte a cor real do produto recebido.\r\n\r\n\u2714\ufe0fEstamos comprometidos em lhe proporcionar os produtos da mais alta qualidade a pre\u00e7os razo\u00e1veis.\r\n\u2714\ufe0f Compromisso para proporcionar uma boa experi\u00eancia do cliente!\r\n\u2714\ufe0fA satisfa\u00e7\u00e3o do cliente \u00e9 a nossa importante persegui\u00e7\u00e3o como sempre.                <\/div>\n\t\t\t\t\t\t\t\t\t\t\t\t               <div class=\"shop-page-wp-link\">\n                <span class=\"buy-link\">Compre agora!<\/span>               <\/div>\n\t\t\t\t\t\t            <\/a>\t\t\t            <a target=\"_blank\" href=\"https:\/\/shope.ee\/8pC4gl0ZRw\" class=\"shop-page-wp-item spwp-has-link spwp-one-fourth\" rel=\"nofollow\">\n            <div class=\"shop-page-wp-image\">\n                <img decoding=\"async\" src=\"https:\/\/belmore.com.br\/wp-content\/uploads\/2022\/11\/sg-11134201-22100-eupfe4vlr9iv9e-300x300.jpg\" alt=\"\"\/>\n            <\/div>\n            <div class=\"shop-page-wp-title\">\n                <h3>HD externo Samsung T5 SSD 16TB\/8TB\/4TB Adaptador USB 3.1 Tipo-C SSD 1TB\/2TB\/500GB HD Disco R\u00edgido Externo<\/h3>\n            <\/div>\n\t\t\t\t\t\t                <div class=\"shop-page-wp-description\">\n\t\t\t\t\t\t\t\tInterno\/Externo: Interno\r\nDura\u00e7\u00e3o da Garantia: 12 Meses\r\nEstoque: 17047\r\nEnviado de: China Continental\r\n\r\nDescri\u00e7\u00e3o Do Produto\r\nNome do produto: Disco r\u00edgido m\u00f3vel Samsung\r\nVelocidade de transfer\u00eancia: leitura 1050 MB\/seg Grava\u00e7\u00e3o: 1000 MB\/seg\r\nInterface: USB3.1\/TYPE-C\r\nTamanho: 85*57*8mm\r\nModo UASP: suporte\r\nSuporte: Windows 7\/8\/9\/10\r\nCor: preto, azul, vermelho\r\nAplic\u00e1vel: telefone celular\/computador, etc.                <\/div>\n\t\t\t\t\t\t\t\t\t\t\t\t               <div class=\"shop-page-wp-link\">\n                <span class=\"buy-link\">Compre agora!<\/span>               <\/div>\n\t\t\t\t\t\t            <\/a>\t\t\t        <\/div>\n\t\t","protected":false},"excerpt":{"rendered":"<p>Veja os produtos e ofertas selecionados especialmente para voc\u00ea<\/p>\n","protected":false},"author":1,"featured_media":0,"parent":0,"menu_order":0,"comment_status":"closed","ping_status":"closed","template":"","meta":{"_monsterinsights_skip_tracking":false,"_monsterinsights_sitenote_active":false,"_monsterinsights_sitenote_note":"","_monsterinsights_sitenote_category":0,"footnotes":""},"class_list":["post-2","page","type-page","status-publish","hentry"],"aioseo_notices":[],"jetpack_sharing_enabled":true,"_links":{"self":[{"href":"https:\/\/belmore.com.br\/index.php\/wp-json\/wp\/v2\/pages\/2","targetHints":{"allow":["GET"]}}],"collection":[{"href":"https:\/\/belmore.com.br\/index.php\/wp-json\/wp\/v2\/pages"}],"about":[{"href":"https:\/\/belmore.com.br\/index.php\/wp-json\/wp\/v2\/types\/page"}],"author":[{"embeddable":true,"href":"https:\/\/belmore.com.br\/index.php\/wp-json\/wp\/v2\/users\/1"}],"replies":[{"embeddable":true,"href":"https:\/\/belmore.com.br\/index.php\/wp-json\/wp\/v2\/comments?post=2"}],"version-history":[{"count":27,"href":"https:\/\/belmore.com.br\/index.php\/wp-json\/wp\/v2\/pages\/2\/revisions"}],"predecessor-version":[{"id":93,"href":"https:\/\/belmore.com.br\/index.php\/wp-json\/wp\/v2\/pages\/2\/revisions\/93"}],"wp:attachment":[{"href":"https:\/\/belmore.com.br\/index.php\/wp-json\/wp\/v2\/media?parent=2"}],"curies":[{"name":"wp","href":"https:\/\/api.w.org\/{rel}","templated":true}]}}